{"id":3,"date":"2025-07-04T20:28:27","date_gmt":"2025-07-04T18:28:27","guid":{"rendered":"http:\/\/tanjaney.com\/?page_id=3"},"modified":"2025-07-06T10:09:52","modified_gmt":"2025-07-06T10:09:52","slug":"datenschutzerklaerung","status":"publish","type":"page","link":"http:\/\/tanjaney.com\/?page_id=3","title":{"rendered":"Impressum &amp; Datenschutz"},"content":{"rendered":"\n<p><strong>Datenschutzerkl\u00e4rung<\/strong><\/p>\n\n\n\n<p><strong>1. Allgemeine Hinweise<\/strong><br>Der Schutz deiner pers\u00f6nlichen Daten ist mir wichtig. Nachfolgend informiere ich dich dar\u00fcber, wie ich auf meiner Website personenbezogene Daten erhebe und verwende.<\/p>\n\n\n\n<p><strong>2. Verantwortlich<\/strong> f\u00fcr den Inhalt dieser Webseite<br>Tanja Ney<br>38612 El M\u00e9dano, SC de Tenerife<br>E-Mail: <a>mail[at]tanjaney.com<\/a><br>Telefon: +34 614 233 739<\/p>\n\n\n\n<p><strong>3. Erhebung und Speicherung personenbezogener Daten<\/strong><br>Beim Besuch dieser Website werden automatisch Daten wie IP-Adresse, Browsertyp und besuchte Seiten erfasst. Diese Daten dienen ausschlie\u00dflich zur Sicherstellung des Betriebs und zur Verbesserung des Angebots.<\/p>\n\n\n\n<p><strong>4. Kontaktaufnahme<\/strong><br>Wenn du per E-Mail oder WhatsApp Kontakt aufnimmst, werden deine Angaben zwecks Bearbeitung der Anfrage gespeichert. Diese Daten werden nicht ohne deine Einwilligung weitergegeben.<\/p>\n\n\n\n<p><strong>5. Cookies<\/strong><br>Diese Website verwendet Cookies, um die Benutzerfreundlichkeit zu verbessern. Du kannst deinen Browser so einstellen, dass er dich \u00fcber das Setzen von Cookies informiert oder diese blockiert.<\/p>\n\n\n\n<p><strong>6. Google Analytics \/ Tracking<\/strong><br>Falls du Tracking einsetzt:<br>Diese Website verwendet Google Analytics, einen Webanalysedienst der Google Inc. Google Analytics verwendet Cookies, um eine Analyse der Benutzung der Website zu erm\u00f6glichen.<\/p>\n\n\n\n<p><strong>7. Social Media Plug-ins<\/strong><br>Auf dieser Seite sind Links zu Social Media Plattformen (Instagram, LinkedIn, Spotify) eingebunden. Beim Besuch dieser Seiten gelten die jeweiligen Datenschutzbestimmungen der Plattformen.<\/p>\n\n\n\n<p><strong>8. Rechte der Nutzer<\/strong><br>Du hast das Recht auf Auskunft \u00fcber die gespeicherten personenbezogenen Daten, deren Herkunft, Empf\u00e4nger und Zweck der Datenverarbeitung sowie ein Recht auf Berichtigung, Sperrung oder L\u00f6schung dieser Daten.<\/p>\n\n\n\n<p><strong>9. Widerspruchsrecht<\/strong><br>Du kannst der Verarbeitung deiner personenbezogenen Daten jederzeit widersprechen.<\/p>\n\n\n\n<p><strong>10. \u00c4nderungen dieser Datenschutzerkl\u00e4rung<\/strong><br>Ich behalte mir vor, diese Datenschutzerkl\u00e4rung anzupassen, um sie an aktuelle rechtliche Anforderungen anzupassen.<\/p>\n","protected":false},"excerpt":{"rendered":"<p>Datenschutzerkl\u00e4rung 1. Allgemeine HinweiseDer Schutz deiner pers\u00f6nlichen Daten ist mir wichtig. Nachfolgend informiere ich dich dar\u00fcber, wie ich auf meiner Website personenbezogene Daten erhebe und verwende. 2. Verantwortlich f\u00fcr den Inhalt dieser WebseiteTanja Ney38612 El M\u00e9dano, SC de TenerifeE-Mail: mail[at]tanjaney.comTelefon:&#8230;<\/p>\n","protected":false},"author":1,"featured_media":0,"parent":0,"menu_order":0,"comment_status":"closed","ping_status":"open","template":"","meta":{"footnotes":""},"class_list":["post-3","page","type-page","status-publish","hentry"],"_links":{"self":[{"href":"http:\/\/tanjaney.com\/index.php?rest_route=\/wp\/v2\/pages\/3","targetHints":{"allow":["GET"]}}],"collection":[{"href":"http:\/\/tanjaney.com\/index.php?rest_route=\/wp\/v2\/pages"}],"about":[{"href":"http:\/\/tanjaney.com\/index.php?rest_route=\/wp\/v2\/types\/page"}],"author":[{"embeddable":true,"href":"http:\/\/tanjaney.com\/index.php?rest_route=\/wp\/v2\/users\/1"}],"replies":[{"embeddable":true,"href":"http:\/\/tanjaney.com\/index.php?rest_route=%2Fwp%2Fv2%2Fcomments&post=3"}],"version-history":[{"count":4,"href":"http:\/\/tanjaney.com\/index.php?rest_route=\/wp\/v2\/pages\/3\/revisions"}],"predecessor-version":[{"id":86,"href":"http:\/\/tanjaney.com\/index.php?rest_route=\/wp\/v2\/pages\/3\/revisions\/86"}],"wp:attachment":[{"href":"http:\/\/tanjaney.com\/index.php?rest_route=%2Fwp%2Fv2%2Fmedia&parent=3"}],"curies":[{"name":"wp","href":"https:\/\/api.w.org\/{rel}","templated":true}]}}